{"id":2,"date":"2015-06-04T20:44:13","date_gmt":"2015-06-04T20:44:13","guid":{"rendered":"http:\/\/79.170.40.181\/brflyckan.se\/?page_id=2"},"modified":"2016-05-03T08:22:18","modified_gmt":"2016-05-03T06:22:18","slug":"sample-page","status":"publish","type":"page","link":"https:\/\/www.brflyckan.se\/","title":{"rendered":"V\u00e4lkommen"},"content":{"rendered":"<p>V\u00e4lkommen till Bostadsr\u00e4ttsf\u00f6reningen Lyckan i Kung\u00e4lv.<\/p>\n<p><img loading=\"lazy\" decoding=\"async\" class=\"alignleft size-full wp-image-73\" src=\"http:\/\/www.brflyckan.se\/wp-content\/uploads\/2016\/05\/slide1.jpg\" alt=\"slide1\" width=\"650\" height=\"450\" srcset=\"https:\/\/www.brflyckan.se\/wp-content\/uploads\/2016\/05\/slide1.jpg 650w, https:\/\/www.brflyckan.se\/wp-content\/uploads\/2016\/05\/slide1-300x208.jpg 300w\" sizes=\"auto, (max-width: 650px) 100vw, 650px\" \/><\/p>\n","protected":false},"excerpt":{"rendered":"<p>V\u00e4lkommen till Bostadsr\u00e4ttsf\u00f6reningen Lyckan i Kung\u00e4lv.<\/p>\n","protected":false},"author":1,"featured_media":0,"parent":0,"menu_order":0,"comment_status":"closed","ping_status":"open","template":"","meta":{"footnotes":""},"class_list":["post-2","page","type-page","status-publish","hentry"],"_links":{"self":[{"href":"https:\/\/www.brflyckan.se\/index.php?rest_route=\/wp\/v2\/pages\/2","targetHints":{"allow":["GET"]}}],"collection":[{"href":"https:\/\/www.brflyckan.se\/index.php?rest_route=\/wp\/v2\/pages"}],"about":[{"href":"https:\/\/www.brflyckan.se\/index.php?rest_route=\/wp\/v2\/types\/page"}],"author":[{"embeddable":true,"href":"https:\/\/www.brflyckan.se\/index.php?rest_route=\/wp\/v2\/users\/1"}],"replies":[{"embeddable":true,"href":"https:\/\/www.brflyckan.se\/index.php?rest_route=%2Fwp%2Fv2%2Fcomments&post=2"}],"version-history":[{"count":5,"href":"https:\/\/www.brflyckan.se\/index.php?rest_route=\/wp\/v2\/pages\/2\/revisions"}],"predecessor-version":[{"id":75,"href":"https:\/\/www.brflyckan.se\/index.php?rest_route=\/wp\/v2\/pages\/2\/revisions\/75"}],"wp:attachment":[{"href":"https:\/\/www.brflyckan.se\/index.php?rest_route=%2Fwp%2Fv2%2Fmedia&parent=2"}],"curies":[{"name":"wp","href":"https:\/\/api.w.org\/{rel}","templated":true}]}}